{"id":2075,"date":"2019-06-03T11:30:00","date_gmt":"2019-06-03T09:30:00","guid":{"rendered":"https:\/\/poslovi.infostud.com\/blog\/?page_id=2075"},"modified":"2025-01-13T11:31:24","modified_gmt":"2025-01-13T09:31:24","slug":"autori","status":"publish","type":"page","link":"https:\/\/poslovi.infostud.com\/blog\/autori\/","title":{"rendered":"Autori"},"content":{"rendered":"<p><span style=\"width: 100%;\"><a href=\"https:\/\/poslovi.infostud.com\/blog\/author\/tatjana_vidakovic\/\"><img loading=\"lazy\" alt=\"Tatjana Vidakovi\u0107\" title=\"Tatjana Vidakovi\u0107\" data-id=\"475\" src=\"https:\/\/poslovi.infostud.com\/blog\/wp-content\/uploads\/2017\/11\/tanja-blog.jpg\" style=\"\" width=\"233\" height=\"241\"><\/a><\/span><\/p>\n<p style=\"text-align: center;\"><strong>Tatjana Vidakovi\u0107<\/strong><\/p>\n<p><span>Nekad je bila ube\u0111ena da \u0107e biti prevodilac i profesor jezika,kad ono&#8230;<\/span><\/p>\n<p><span>Po obrazovanju profesorka italijanskog jezika i knji\u017eevnosti, gotovo deceniju radila kao PR za razli\u010dite biznise u okviru Infostuda, a sada sa malom ali odabranom redakcijom osmi\u0161ljava i kreira sadr\u017eaj za ceo Infostud. &nbsp;Obo\u017eava da ide kafanu, da \u010dita i i da kuva.<\/span><\/p>\n<p><span style=\"width: 100%;\"><a href=\"https:\/\/poslovi.infostud.com\/blog\/author\/nikola-stantic\/\"><img loading=\"lazy\" alt=\"Nikola Stanti\u0107\" title=\"Nikola Stanti\u0107\" data-id=\"941\" src=\"https:\/\/poslovi.infostud.com\/blog\/wp-content\/uploads\/2018\/01\/Nikola-Stantic-2.jpg\" style=\"\" width=\"250\" height=\"250\"><\/a><\/span><\/p>\n<p style=\"text-align: center;\"><strong>Nikola Stanti\u0107<\/strong><\/p>\n<p>\u010clan najkul odeljenja u firmi, Oglasnog :)Filmofil, putnik, hedonista.Nosim epitet tajkuna jer imam love i posle 10. u mesecu&#8230; isplatile su mi se studije finansija.<\/p>\n<p><span style=\"width: 100%;\"><a href=\"https:\/\/poslovi.infostud.com\/blog\/author\/milos-zvekic\/\"><img loading=\"lazy\" alt=\"Milo\u0161 Zveki\u0107\" title=\"Milo\u0161 Zveki\u0107\" data-id=\"2080\" src=\"https:\/\/poslovi.infostud.com\/blog\/wp-content\/uploads\/2019\/06\/milos.zvekic.jpg\" style=\"\" width=\"240\" height=\"240\"><\/a><\/span><\/p>\n<p style=\"text-align: center;\"><strong>Milo\u0161 Zveki\u0107<\/strong><\/p>\n<p><span>Kao prodajni savetnik na sajtu Poslovi.infostud \u010desto imam prilike da pri\u010dam sa poslodavcima o procesu zapo\u0161ljavanja iz njihovog ugla. To iskustvo \u017eelim da prenesem i na sve na\u0161e \u010ditaoce koji tra\u017ee posao i tako im pomognem na njihovom putu ka poslu iz snova. Kad nisam na poslu volim da igram i pratim sport. Veliki sam poklonik i fantazi sporta koji postaje sve popularniji i kod nas. \u010cak pi\u0161em i kolumnu u vezi fantazi NBA za jedan ameri\u010dki sajt.&nbsp;<\/span><\/p>\n<p><span style=\"width: 100%;\"><a href=\"https:\/\/poslovi.infostud.com\/blog\/author\/bojan-stankovic\/\"><img loading=\"lazy\" alt=\"Bojan Stankovi\u0107\" title=\"Bojan Stankovi\u0107\" data-id=\"839\" src=\"https:\/\/poslovi.infostud.com\/blog\/wp-content\/uploads\/2017\/12\/Bojan-Stankovic.jpg\" style=\"\" width=\"400\" height=\"400\"><\/a><\/span><\/p>\n<p style=\"text-align: center;\"><strong>Bojan Stankovi\u0107<\/strong><\/p>\n<p>Na sajtu Poslovi.infostud.com se bavi marketingom proizvoda i usluga. Digitalac u du\u0161i. Privatno slu\u0161a i gleda samo hitove, \u017eanrovski neinhibiran.<\/p>\n<p><span style=\"width: 100%;\"><a href=\"https:\/\/poslovi.infostud.com\/blog\/author\/milica-stojiljkovic\/\"><img loading=\"lazy\" alt=\"Milica Stojiljkovi\u0107\" title=\"Milica Stojiljkovi\u0107\" data-id=\"508\" src=\"https:\/\/poslovi.infostud.com\/blog\/wp-content\/uploads\/2017\/11\/Milica-Stojiljkovic-1-150x150.jpg\" style=\"\" width=\"150\" height=\"150\"><\/a><\/span><\/p>\n<p style=\"text-align: center;\"><strong>Milica Stojiljkovi\u0107<\/strong><\/p>\n<p><span>Milica Stojiljkovi\u0107, savetnik za li\u010dni i poslovni razvoj, osniva\u010d Centra za li\u010dni razvoj<a href=\"http:\/\/www.lepomije.rs\/\"> \u201eLepo mi je\u201c.<\/a>Svi programi koje Milica kreira i realizuje nastali su iz znanja i iskustva koje je stekla tokom 15 godina poslovne karijere u vode\u0107im kompanijama u Srbiji, vi\u0161e od 100 treninga poslovnih i komunikacijskih ve\u0161tina koje je odr\u017eala, 10 godina praktikovanja i prou\u010davanja ve\u0161tina li\u010dnog razvoja.<\/span><\/p>\n<p><span style=\"width: 100%;\"><a href=\"https:\/\/poslovi.infostud.com\/blog\/author\/olivera-sekulic-bartos\/\"><img loading=\"lazy\" alt=\"Olivera Sekuli\u0107 Barto\u0161\" title=\"Olivera Sekuli\u0107 Barto\u0161\" data-id=\"1013\" src=\"https:\/\/poslovi.infostud.com\/blog\/wp-content\/uploads\/2018\/01\/Olivera-150x150.png\" style=\"\" width=\"150\" height=\"150\"><\/a><\/span><\/p>\n<p style=\"text-align: center;\"><strong>Olivera Sekuli\u0107 Barto\u0161<\/strong><\/p>\n<p>Psiholog <a href=\"https:\/\/timcentar.rs\/\" target=\"_blank\" rel=\"noopener\">Tim Centra iz Novog Sada<\/a>, ima dvadesetogodi\u0161nje iskustvo u individualnoj i grupnoj psihoterapiji, preko dvadeset pet godina iskustva u radu sa grupama i pojedincima iz oblasti stres menad\u017ementa, komunikacije, palijativnih tehnika u psihoterapiji i primene relaksacione tehnike Autogeni trening. Masterirala je psihologiju na FFNS, sertifikovani je REiKBT psihoterapeut Albert Ellis Instituta u New York-u, savetnik Transakcione Analize i stru\u010dnjak za primenu Analize Individualnih Potencijala i Atos metode Instituta za kognitivni menad\u017ement iz \u0160tutgarta. Posve\u0107eno meditira ve\u0107 dugo godina i na putu je da postane u\u010ditelj Individualne meditacije.&nbsp;<\/p>\n<p><span style=\"width: 100%;\"><a href=\"https:\/\/poslovi.infostud.com\/blog\/author\/milan_predojevic\/\"><img loading=\"lazy\" alt=\"Milan Predojevi\u0107\" title=\"Milan Predojevi\u0107\" data-id=\"1231\" src=\"https:\/\/poslovi.infostud.com\/blog\/wp-content\/uploads\/2018\/05\/milan-slika.jpg\" style=\"\" width=\"250\" height=\"250\"><\/a><\/span><\/p>\n<p style=\"text-align: center;\"><strong>Milan Predojevi\u0107<\/strong><\/p>\n<p><span>Diplomirao &nbsp;na Pravnom fakultetu Univerziteta u Novom Sadu. Ima dugogodi\u0161nje radno iskustvo u oblasti radnog prava i socijalnog osiguranja. Svakodnevni kontakt sa gra\u0111anima koji su u potrazi za poslom ili menjaju radno mesto pru\u017eio mu je uvid u probleme sa kojima se uglavnom susre\u0107u. Siguran je da njegovo li\u010dno profesionalno iskustvo mo\u017ee da pomogne u pronala\u017eenju odgovora na pitanja koja kandidati na sajtu naj\u010de\u0161\u0107e postavljaju<\/span><\/p>\n<p><span style=\"width: 100%;\"><a href=\"https:\/\/poslovi.infostud.com\/blog\/author\/brana\/\"><img loading=\"lazy\" alt=\"Branislava Gaji\u0107 Stanojevi\u0107\" title=\"Branislava Gaji\u0107 Stanojevi\u0107\" data-id=\"1708\" src=\"https:\/\/poslovi.infostud.com\/blog\/wp-content\/uploads\/2018\/09\/brana-2.jpg\" style=\"\" width=\"369\" height=\"368\"><\/a><\/span><\/p>\n<p style=\"text-align: center;\"><strong>Branislava Gaji\u0107 Stanojevi\u0107<\/strong><\/p>\n<p><span>Autorka bloga <a href=\"https:\/\/brana.rs\/category\/licni-poslovni-razvoj\/\" target=\"_blank\" rel=\"noopener\">Brana.rs <\/a>i direktorka kompanije Infostud..&nbsp;<\/span><span>Posao me je nau\u010dio mnogo prakti\u010dnih ve\u0161tina, posebno organizaciji i tome kako da re\u0161avam probleme. Nekada bih se opisala kao zvrk koji voli komplikovano filozofiranje, a sa iskustvom je do\u0161lo shvatanje da je \u017eivot jednostavan i da mnoge stvari koje nau\u010di\u0161 u privatnom \u017eivotu, mo\u017ee\u0161 da primeni\u0161 na poslu \u2013 &nbsp;i obrnuto. Naravno, prilagodi\u0161 stvari situaciji i ljudima koji su upleteni, a pogotovo deci.&nbsp;<\/span><\/p>\n<p><span style=\"width: 100%;\"><a href=\"https:\/\/poslovi.infostud.com\/blog\/author\/_-24313\/\"><img loading=\"lazy\" alt=\"Bojana \u0106iri\u0107\" width=\"120\" height=\"120\" title=\"Bojana \u0106iri\u0107\" data-id=\"2293\" src=\"https:\/\/poslovi.infostud.com\/blog\/wp-content\/uploads\/2019\/08\/bojana.ciric_.jpg\" style=\"\" data-width=\"120\" data-height=\"120\" data-init-width=\"240\" data-init-height=\"240\"><\/a><\/span><\/p>\n<p style=\"text-align: center;\"><strong>Bojana Crnkovi\u0107<\/strong><\/p>\n<p>Smi\u0161lja na\u010dine da super mo\u0107i marketinga usmeri ka onima koji tra\u017ee posao &#8211; da prona\u0111u prave oglase za posao i rade na unapre\u0111enju svojih ve\u0161tina za tra\u017eenje posla. Voli da pi\u0161e, povremeno preteruje i istra\u017euje za\u0161to se ljudi pona\u0161aju ba\u0161 na odre\u0111eni na\u010din.<\/p>\n<p><span style=\"width: 100%;\"><a href=\"https:\/\/poslovi.infostud.com\/blog\/author\/_-68454\/\"><img alt=\"Natalija Sekuli\u0107\" width=\"120\" height=\"143\" title=\"Natalija Sekuli\u0107\" data-id=\"3507\" src=\"https:\/\/poslovi.infostud.com\/blog\/wp-content\/uploads\/2020\/11\/natalija_sekulic_blog.jpg\" style=\"\" data-width=\"120\" data-height=\"143\" data-init-width=\"1146\" data-init-height=\"1368\" loading=\"lazy\" ml-d=\"0\" mt-d=\"-6\"><\/a><\/span><\/p>\n<p style=\"text-align: center;\"><span style=\"font-weight: normal;\"><strong>Natalija Sekuli\u0107<\/strong><\/span><\/p>\n<p>Novinar. U nekoliko redakcija \u201epokrivala&#8220; ekonomske teme gotovo 15 godina. Voli izazove, dobru muziku i \u010desto igra jamb. Veruje u izreku da karakter, a ne okolnosti, \u010dini \u010doveka.<\/p>\n<p><span style=\"width: 100%;\"><a href=\"https:\/\/poslovi.infostud.com\/blog\/author\/konstantin_radulovic\/\"><img loading=\"lazy\" alt=\"Konstantin Radulovi\u0107\" width=\"120\" height=\"112\" title=\"Konstantin Radulovi\u0107\" data-id=\"2923\" src=\"https:\/\/poslovi.infostud.com\/blog\/wp-content\/uploads\/2020\/06\/Kosta-fotka-kvadrat.png\" style=\"\" data-width=\"120\" data-height=\"112\" data-init-width=\"684\" data-init-height=\"638\"><\/a><\/span><\/p>\n<p style=\"text-align: center;\"><strong>Konstantin Radulovi\u0107<\/strong><\/p>\n<p>Pune dve decenije radio kao sportski novinar u nekoliko beogradskih i novosadskih medija i izve\u0161tavao sa velikog broja doga\u0111aja, uklju\u010duju\u0107i tri finala Lige \u0161ampiona. Voli da pi\u0161e, specijalno intervjue i reporta\u017ee, a trenutno radi kao kopirajter i prebacuje se u svet digitalnog marketinga.<\/p>\n<p><span style=\"width: 100%;\"><img alt=\"Stanislava Despotov\" width=\"120\" height=\"120\" title=\"Stanislava Despotov\" data-id=\"3042\" src=\"https:\/\/poslovi.infostud.com\/blog\/wp-content\/uploads\/2020\/07\/Slika-za-blog-Sa\u0161ka-002.jpg\" style=\"\" data-width=\"120\" data-height=\"120\" data-init-width=\"500\" data-init-height=\"500\" loading=\"lazy\"><\/span><\/p>\n<p style=\"text-align: center;\"><strong>Stanislava Despotov<\/strong><\/p>\n<p>Jo\u0161 od ranih srednjo\u0161kolskih dana marketar u du\u0161i&nbsp;koji je imao potrebu da analizira svaki marketin\u0161ki korak kompanija od izgleda bilborda na ulici, flajera, logotipa do poruka koje \u0161alju. Danas svoje interesovanje za marketing usmerava na to da olak\u0161a potragu za poslom svima koji ga tra\u017ee, kao i da poslodavcima pomogne da prona\u0111u pravo poja\u010danje za svoj tim. <span title=\"Smiley\" type=\"(smile)\"><img src=\"https:\/\/statics.teams.cdn.office.net\/evergreen-assets\/skype\/v2\/smile\/20.png?v=4\" alt=\"\ud83d\ude42\"><\/span><\/p>\n<p><span style=\"width: 100%;\"><a href=\"https:\/\/poslovi.infostud.com\/blog\/author\/_-94470\/\"><img alt=\"\" width=\"90\" height=\"101\" title=\"VESNA\" data-id=\"8496\" src=\"https:\/\/poslovi.infostud.com\/blog\/wp-content\/uploads\/2025\/01\/VESNA.jpg\" style=\"\" data-width=\"90\" data-height=\"101\" data-init-width=\"2000\" data-init-height=\"2249\" loading=\"lazy\" data-link-wrap=\"true\"><\/a><\/span><\/p>\n<p style=\"text-align: center;\"><strong>Vesna Davidovi\u0107<\/strong><\/p>\n<p>Zavr\u0161ila je master studije na Ekonomskom fakultetu. Raduje se \u010dinjenici da je veza izme\u0111u pisanja i marketinga sve \u010dvr\u0161\u0107a, i u tome vidi snagu i podsticaj.<\/p>\n<p>Podr\u017eava filozofiju \u2013 bolje biti veliko dete, nego mali \u010dovek.<\/p>\n<p><span style=\"width: 100%;\"><a href=\"https:\/\/poslovi.infostud.com\/blog\/author\/natasa_sedlacek\/\"><img alt=\"Nata\u0161a Sedla\u010dek\" width=\"120\" height=\"158\" title=\"Nata\u0161a Sedla\u010dek\" data-id=\"3555\" src=\"https:\/\/poslovi.infostud.com\/blog\/wp-content\/uploads\/2020\/12\/Nata\u0161a-Sedla\u010dek.png\" style=\"\" data-width=\"120\" data-height=\"158\" data-init-width=\"1792\" data-init-height=\"2352\" loading=\"lazy\" data-link-wrap=\"true\" mt-d=\"-14\" center-v-d=\"false\"><\/a><\/span><\/p>\n<p style=\"text-align: center;\"><strong>Nata\u0161a Sedla\u010dek<\/strong><\/p>\n<p>Iako je po struci magistar arheologije, svoju pasiju prema pisanju preto\u010dila je iz hobija u profesiju Content writera. Kreira sadr\u017eaj iz oblasti nekretnina, li\u010dnog razvoja i zapo\u0161ljavanja pru\u017eaju\u0107i vrednost krajnjim korisnicima\/klijentima\/kupcima. Zaljubljenik u marketing i preduzetni\u0161tvo. Obo\u017eava tenis, hladnu nes kafu i slatki\u0161e.<\/p>\n<p><span><span>+<\/span><span>Add a Block<\/span><span>or drag an element into the page<\/span><\/span><\/p>\n","protected":false},"excerpt":{"rendered":"<p>Tatjana Vidakovi\u0107 Nekad je bila ube\u0111ena da \u0107e biti prevodilac i profesor jezika,kad ono&#8230; Po obrazovanju profesorka italijanskog jezika i knji\u017eevnosti, gotovo deceniju radila kao PR za razli\u010dite biznise u okviru Infostuda, a sada sa malom ali odabranom redakcijom osmi\u0161ljava i kreira sadr\u017eaj za ceo Infostud. &nbsp;Obo\u017eava da ide kafanu, da \u010dita i i da [&hellip;]<\/p>\n","protected":false},"author":29,"featured_media":0,"parent":0,"menu_order":0,"comment_status":"closed","ping_status":"closed","template":"","meta":[],"yoast_head":"<!-- This site is optimized with the Yoast SEO plugin v15.1.1 - https:\/\/yoast.com\/wordpress\/plugins\/seo\/ -->\n<title>Autori bloga - Poslovi Infostud<\/title>\n<meta name=\"description\" content=\"Spisak autora na blogu sajta Poslovi.infostud.com. Upoznajte se sa autorima i pogledajte tekstove koje su objavili.\" \/>\n<meta name=\"robots\" content=\"index, follow, max-snippet:-1, max-image-preview:large, max-video-preview:-1\" \/>\n<link rel=\"canonical\" href=\"https:\/\/poslovi.infostud.com\/blog\/autori\/\" \/>\n<meta property=\"og:locale\" content=\"en_US\" \/>\n<meta property=\"og:type\" content=\"article\" \/>\n<meta property=\"og:title\" content=\"Autori bloga - Poslovi Infostud\" \/>\n<meta property=\"og:description\" content=\"Spisak autora na blogu sajta Poslovi.infostud.com. Upoznajte se sa autorima i pogledajte tekstove koje su objavili.\" \/>\n<meta property=\"og:url\" content=\"https:\/\/poslovi.infostud.com\/blog\/autori\/\" \/>\n<meta property=\"og:site_name\" content=\"Poslovi Infostud\" \/>\n<meta property=\"article:publisher\" content=\"https:\/\/www.facebook.com\/poslovi\/\" \/>\n<meta property=\"article:modified_time\" content=\"2025-01-13T09:31:24+00:00\" \/>\n<meta property=\"og:image\" content=\"https:\/\/poslovi.infostud.com\/blog\/wp-content\/uploads\/2017\/11\/tanja-blog.jpg\" \/>\n<meta name=\"twitter:card\" content=\"summary_large_image\" \/>\n<meta name=\"twitter:creator\" content=\"@PosloviInfostud\" \/>\n<meta name=\"twitter:site\" content=\"@PosloviInfostud\" \/>\n<script type=\"application\/ld+json\" class=\"yoast-schema-graph\">{\"@context\":\"https:\/\/schema.org\",\"@graph\":[{\"@type\":\"Organization\",\"@id\":\"https:\/\/poslovi.infostud.com\/blog\/#organization\",\"name\":\"Poslovi.infostud.com\",\"url\":\"https:\/\/poslovi.infostud.com\/blog\/\",\"sameAs\":[\"https:\/\/www.facebook.com\/poslovi\/\",\"https:\/\/www.instagram.com\/poslovi_infostud\/\",\"https:\/\/www.linkedin.com\/company\/poslovi-infostud\/\",\"https:\/\/www.youtube.com\/channel\/UCoDykSGViuDmOTgcBpgIqwA\",\"https:\/\/twitter.com\/PosloviInfostud\"],\"logo\":{\"@type\":\"ImageObject\",\"@id\":\"https:\/\/poslovi.infostud.com\/blog\/#logo\",\"inLanguage\":\"sr-RS\",\"url\":\"https:\/\/poslovi.infostud.com\/blog\/wp-content\/uploads\/2019\/10\/poslovi-infostud-logo.png\",\"width\":300,\"height\":77,\"caption\":\"Poslovi.infostud.com\"},\"image\":{\"@id\":\"https:\/\/poslovi.infostud.com\/blog\/#logo\"}},{\"@type\":\"WebSite\",\"@id\":\"https:\/\/poslovi.infostud.com\/blog\/#website\",\"url\":\"https:\/\/poslovi.infostud.com\/blog\/\",\"name\":\"Poslovi Infostud\",\"description\":\"Blog najboljeg sajta za zapo\\u0161ljavanje u Srbiji\",\"publisher\":{\"@id\":\"https:\/\/poslovi.infostud.com\/blog\/#organization\"},\"potentialAction\":[{\"@type\":\"SearchAction\",\"target\":\"https:\/\/poslovi.infostud.com\/blog\/?s={search_term_string}\",\"query-input\":\"required name=search_term_string\"}],\"inLanguage\":\"sr-RS\"},{\"@type\":\"ImageObject\",\"@id\":\"https:\/\/poslovi.infostud.com\/blog\/autori\/#primaryimage\",\"inLanguage\":\"sr-RS\",\"url\":\"https:\/\/poslovi.infostud.com\/blog\/wp-content\/uploads\/2017\/11\/tanja-blog.jpg\",\"width\":233,\"height\":241},{\"@type\":\"WebPage\",\"@id\":\"https:\/\/poslovi.infostud.com\/blog\/autori\/#webpage\",\"url\":\"https:\/\/poslovi.infostud.com\/blog\/autori\/\",\"name\":\"Autori bloga - Poslovi Infostud\",\"isPartOf\":{\"@id\":\"https:\/\/poslovi.infostud.com\/blog\/#website\"},\"primaryImageOfPage\":{\"@id\":\"https:\/\/poslovi.infostud.com\/blog\/autori\/#primaryimage\"},\"datePublished\":\"2019-06-03T09:30:00+00:00\",\"dateModified\":\"2025-01-13T09:31:24+00:00\",\"description\":\"Spisak autora na blogu sajta Poslovi.infostud.com. Upoznajte se sa autorima i pogledajte tekstove koje su objavili.\",\"inLanguage\":\"sr-RS\",\"potentialAction\":[{\"@type\":\"ReadAction\",\"target\":[\"https:\/\/poslovi.infostud.com\/blog\/autori\/\"]}]}]}<\/script>\n<!-- \/ Yoast SEO plugin. -->","_links":{"self":[{"href":"https:\/\/poslovi.infostud.com\/blog\/wp-json\/wp\/v2\/pages\/2075"}],"collection":[{"href":"https:\/\/poslovi.infostud.com\/blog\/wp-json\/wp\/v2\/pages"}],"about":[{"href":"https:\/\/poslovi.infostud.com\/blog\/wp-json\/wp\/v2\/types\/page"}],"author":[{"embeddable":true,"href":"https:\/\/poslovi.infostud.com\/blog\/wp-json\/wp\/v2\/users\/29"}],"replies":[{"embeddable":true,"href":"https:\/\/poslovi.infostud.com\/blog\/wp-json\/wp\/v2\/comments?post=2075"}],"version-history":[{"count":60,"href":"https:\/\/poslovi.infostud.com\/blog\/wp-json\/wp\/v2\/pages\/2075\/revisions"}],"predecessor-version":[{"id":8497,"href":"https:\/\/poslovi.infostud.com\/blog\/wp-json\/wp\/v2\/pages\/2075\/revisions\/8497"}],"wp:attachment":[{"href":"https:\/\/poslovi.infostud.com\/blog\/wp-json\/wp\/v2\/media?parent=2075"}],"curies":[{"name":"wp","href":"https:\/\/api.w.org\/{rel}","templated":true}]}}