{"id":812,"date":"2017-12-11T17:06:28","date_gmt":"2017-12-11T15:06:28","guid":{"rendered":"https:\/\/poslovi.infostud.com\/blog\/?page_id=812"},"modified":"2017-12-12T14:45:01","modified_gmt":"2017-12-12T12:45:01","slug":"kontakt","status":"publish","type":"page","link":"https:\/\/poslovi.infostud.com\/blog\/kontakt\/","title":{"rendered":"Kontakt"},"content":{"rendered":"<p data-css=\"tve-u-1604ac1ff37\">Pi\u0161ite nam, \u017eelimo da \u010dujemo va\u0161a pitanja, predloge ili sugestije kako bismo bili jo\u0161 bolji.<\/p>\n<div role=\"form\" class=\"wpcf7\" id=\"wpcf7-f811-o1\" lang=\"sr-RS\" dir=\"ltr\">\n<div class=\"screen-reader-response\"><p role=\"status\" aria-live=\"polite\" aria-atomic=\"true\"><\/p> <ul><\/ul><\/div>\n<form action=\"\/blog\/wp-json\/wp\/v2\/pages\/812#wpcf7-f811-o1\" method=\"post\" class=\"wpcf7-form init\" novalidate=\"novalidate\" data-status=\"init\">\n<div style=\"display: none;\">\n<input type=\"hidden\" name=\"_wpcf7\" value=\"811\" \/>\n<input type=\"hidden\" name=\"_wpcf7_version\" value=\"5.3\" \/>\n<input type=\"hidden\" name=\"_wpcf7_locale\" value=\"sr_RS_latin\" \/>\n<input type=\"hidden\" name=\"_wpcf7_unit_tag\" value=\"wpcf7-f811-o1\" \/>\n<input type=\"hidden\" name=\"_wpcf7_container_post\" value=\"0\" \/>\n<input type=\"hidden\" name=\"_wpcf7_posted_data_hash\" value=\"\" \/>\n<input type=\"hidden\" name=\"_wpcf7_recaptcha_response\" value=\"\" \/>\n<\/div>\n<p><label> Va\u0161e ime i pezime (obavezno)<br \/>\n    <span class=\"wpcf7-form-control-wrap your-name\"><input type=\"text\" name=\"your-name\" value=\"\" size=\"40\" class=\"wpcf7-form-control wpcf7-text wpcf7-validates-as-required\" aria-required=\"true\" aria-invalid=\"false\" \/><\/span> <\/label><\/p>\n<p><label> Va\u0161 email (obavezno)<br \/>\n    <span class=\"wpcf7-form-control-wrap your-email\"><input type=\"email\" name=\"your-email\" value=\"\" size=\"40\" class=\"wpcf7-form-control wpcf7-text wpcf7-email wpcf7-validates-as-required wpcf7-validates-as-email\" aria-required=\"true\" aria-invalid=\"false\" \/><\/span> <\/label><\/p>\n<p><label> Naslov<br \/>\n    <span class=\"wpcf7-form-control-wrap your-subject\"><input type=\"text\" name=\"your-subject\" value=\"\" size=\"40\" class=\"wpcf7-form-control wpcf7-text\" aria-invalid=\"false\" \/><\/span> <\/label><\/p>\n<p><label> Va\u0161a poruka<br \/>\n    <span class=\"wpcf7-form-control-wrap your-message\"><textarea name=\"your-message\" cols=\"40\" rows=\"10\" class=\"wpcf7-form-control wpcf7-textarea\" aria-invalid=\"false\"><\/textarea><\/span> <\/label><\/p>\n<p><input type=\"submit\" value=\"Po\u0161aljite\" class=\"wpcf7-form-control wpcf7-submit\" \/><\/p>\n<br \/>\n<div class=\"wpcf7-response-output\" aria-hidden=\"true\"><\/div><\/form><\/div>\n","protected":false},"excerpt":{"rendered":"<p>Pi\u0161ite nam, \u017eelimo da \u010dujemo va\u0161a pitanja, predloge ili sugestije kako bismo bili jo\u0161 bolji.<\/p>\n","protected":false},"author":22,"featured_media":0,"parent":0,"menu_order":0,"comment_status":"closed","ping_status":"closed","template":"","meta":[],"yoast_head":"<!-- This site is optimized with the Yoast SEO plugin v15.1.1 - https:\/\/yoast.com\/wordpress\/plugins\/seo\/ -->\n<title>Kontakt - Poslovi Infostud<\/title>\n<meta name=\"robots\" content=\"index, follow, max-snippet:-1, max-image-preview:large, max-video-preview:-1\" \/>\n<link rel=\"canonical\" href=\"https:\/\/poslovi.infostud.com\/blog\/kontakt\/\" \/>\n<meta property=\"og:locale\" content=\"en_US\" \/>\n<meta property=\"og:type\" content=\"article\" \/>\n<meta property=\"og:title\" content=\"Kontakt - Poslovi Infostud\" \/>\n<meta property=\"og:description\" content=\"Pi\u0161ite nam, \u017eelimo da \u010dujemo va\u0161a pitanja, predloge ili sugestije kako bismo bili jo\u0161 bolji.\" \/>\n<meta property=\"og:url\" content=\"https:\/\/poslovi.infostud.com\/blog\/kontakt\/\" \/>\n<meta property=\"og:site_name\" content=\"Poslovi Infostud\" \/>\n<meta property=\"article:publisher\" content=\"https:\/\/www.facebook.com\/poslovi\/\" \/>\n<meta property=\"article:modified_time\" content=\"2017-12-12T12:45:01+00:00\" \/>\n<meta name=\"twitter:card\" content=\"summary_large_image\" \/>\n<meta name=\"twitter:creator\" content=\"@PosloviInfostud\" \/>\n<meta name=\"twitter:site\" content=\"@PosloviInfostud\" \/>\n<script type=\"application\/ld+json\" class=\"yoast-schema-graph\">{\"@context\":\"https:\/\/schema.org\",\"@graph\":[{\"@type\":\"Organization\",\"@id\":\"https:\/\/poslovi.infostud.com\/blog\/#organization\",\"name\":\"Poslovi.infostud.com\",\"url\":\"https:\/\/poslovi.infostud.com\/blog\/\",\"sameAs\":[\"https:\/\/www.facebook.com\/poslovi\/\",\"https:\/\/www.instagram.com\/poslovi_infostud\/\",\"https:\/\/www.linkedin.com\/company\/poslovi-infostud\/\",\"https:\/\/www.youtube.com\/channel\/UCoDykSGViuDmOTgcBpgIqwA\",\"https:\/\/twitter.com\/PosloviInfostud\"],\"logo\":{\"@type\":\"ImageObject\",\"@id\":\"https:\/\/poslovi.infostud.com\/blog\/#logo\",\"inLanguage\":\"sr-RS\",\"url\":\"https:\/\/poslovi.infostud.com\/blog\/wp-content\/uploads\/2019\/10\/poslovi-infostud-logo.png\",\"width\":300,\"height\":77,\"caption\":\"Poslovi.infostud.com\"},\"image\":{\"@id\":\"https:\/\/poslovi.infostud.com\/blog\/#logo\"}},{\"@type\":\"WebSite\",\"@id\":\"https:\/\/poslovi.infostud.com\/blog\/#website\",\"url\":\"https:\/\/poslovi.infostud.com\/blog\/\",\"name\":\"Poslovi Infostud\",\"description\":\"Blog najboljeg sajta za zapo\\u0161ljavanje u Srbiji\",\"publisher\":{\"@id\":\"https:\/\/poslovi.infostud.com\/blog\/#organization\"},\"potentialAction\":[{\"@type\":\"SearchAction\",\"target\":\"https:\/\/poslovi.infostud.com\/blog\/?s={search_term_string}\",\"query-input\":\"required name=search_term_string\"}],\"inLanguage\":\"sr-RS\"},{\"@type\":\"WebPage\",\"@id\":\"https:\/\/poslovi.infostud.com\/blog\/kontakt\/#webpage\",\"url\":\"https:\/\/poslovi.infostud.com\/blog\/kontakt\/\",\"name\":\"Kontakt - Poslovi Infostud\",\"isPartOf\":{\"@id\":\"https:\/\/poslovi.infostud.com\/blog\/#website\"},\"datePublished\":\"2017-12-11T15:06:28+00:00\",\"dateModified\":\"2017-12-12T12:45:01+00:00\",\"inLanguage\":\"sr-RS\",\"potentialAction\":[{\"@type\":\"ReadAction\",\"target\":[\"https:\/\/poslovi.infostud.com\/blog\/kontakt\/\"]}]}]}<\/script>\n<!-- \/ Yoast SEO plugin. -->","_links":{"self":[{"href":"https:\/\/poslovi.infostud.com\/blog\/wp-json\/wp\/v2\/pages\/812"}],"collection":[{"href":"https:\/\/poslovi.infostud.com\/blog\/wp-json\/wp\/v2\/pages"}],"about":[{"href":"https:\/\/poslovi.infostud.com\/blog\/wp-json\/wp\/v2\/types\/page"}],"author":[{"embeddable":true,"href":"https:\/\/poslovi.infostud.com\/blog\/wp-json\/wp\/v2\/users\/22"}],"replies":[{"embeddable":true,"href":"https:\/\/poslovi.infostud.com\/blog\/wp-json\/wp\/v2\/comments?post=812"}],"version-history":[{"count":5,"href":"https:\/\/poslovi.infostud.com\/blog\/wp-json\/wp\/v2\/pages\/812\/revisions"}],"predecessor-version":[{"id":827,"href":"https:\/\/poslovi.infostud.com\/blog\/wp-json\/wp\/v2\/pages\/812\/revisions\/827"}],"wp:attachment":[{"href":"https:\/\/poslovi.infostud.com\/blog\/wp-json\/wp\/v2\/media?parent=812"}],"curies":[{"name":"wp","href":"https:\/\/api.w.org\/{rel}","templated":true}]}}